{"id":9,"date":"2018-02-17T15:09:55","date_gmt":"2018-02-17T14:09:55","guid":{"rendered":"http:\/\/muxaller.dj-mike.com\/?page_id=9"},"modified":"2018-02-19T15:42:19","modified_gmt":"2018-02-19T14:42:19","slug":"ueber-mich","status":"publish","type":"page","link":"https:\/\/www.muxaller.de\/?page_id=9","title":{"rendered":"\u00dcber uns"},"content":{"rendered":"<p style=\"text-align: center;\">Dies ist die Seite vom Verein MuxallerLeben e.V. mit dem Sitz in 24253 Probsteierhagen \/ OT Muxall.<\/p>\n<p style=\"text-align: center;\">Unser Verein k\u00fcmmert sich unter anderem um die Brauchtumspflege und um die F\u00f6rderung der Dorfgemeinschaft unserer sch\u00f6nen Gemeinde am Rande der Probstei.<\/p>\n<p>&nbsp;<\/p>\n","protected":false},"excerpt":{"rendered":"<p>Dies ist die Seite vom Verein MuxallerLeben e.V. mit dem Sitz in 24253 Probsteierhagen \/ OT Muxall. Unser Verein k\u00fcmmert sich unter anderem um die Brauchtumspflege und um die F\u00f6rderung der Dorfgemeinschaft unserer sch\u00f6nen Gemeinde am Rande der Probstei. &nbsp;<\/p>\n","protected":false},"author":1,"featured_media":46,"parent":0,"menu_order":0,"comment_status":"closed","ping_status":"closed","template":"","meta":[],"_links":{"self":[{"href":"https:\/\/www.muxaller.de\/index.php?rest_route=\/wp\/v2\/pages\/9"}],"collection":[{"href":"https:\/\/www.muxaller.de\/index.php?rest_route=\/wp\/v2\/pages"}],"about":[{"href":"https:\/\/www.muxaller.de\/index.php?rest_route=\/wp\/v2\/types\/page"}],"author":[{"embeddable":true,"href":"https:\/\/www.muxaller.de\/index.php?rest_route=\/wp\/v2\/users\/1"}],"replies":[{"embeddable":true,"href":"https:\/\/www.muxaller.de\/index.php?rest_route=%2Fwp%2Fv2%2Fcomments&post=9"}],"version-history":[{"count":5,"href":"https:\/\/www.muxaller.de\/index.php?rest_route=\/wp\/v2\/pages\/9\/revisions"}],"predecessor-version":[{"id":86,"href":"https:\/\/www.muxaller.de\/index.php?rest_route=\/wp\/v2\/pages\/9\/revisions\/86"}],"wp:featuredmedia":[{"embeddable":true,"href":"https:\/\/www.muxaller.de\/index.php?rest_route=\/wp\/v2\/media\/46"}],"wp:attachment":[{"href":"https:\/\/www.muxaller.de\/index.php?rest_route=%2Fwp%2Fv2%2Fmedia&parent=9"}],"curies":[{"name":"wp","href":"https:\/\/api.w.org\/{rel}","templated":true}]}}